{"id":74,"date":"2011-06-23T22:48:05","date_gmt":"2011-06-23T19:48:05","guid":{"rendered":"http:\/\/euclidafterschool.ro\/?page_id=74"},"modified":"2020-09-05T14:01:21","modified_gmt":"2020-09-05T12:01:21","slug":"tarife","status":"publish","type":"page","link":"https:\/\/euclidafterschool.ro\/?page_id=74","title":{"rendered":"Tarife"},"content":{"rendered":"<p>&nbsp;<\/p>\n<h3>AFTER SCHOOL 2020-2021, Program 11:00-18:00, Luni -Vineri<\/h3>\n<p><strong>Programul EUCLID After school se adreseaz\u0103 claselor Pregatitoare &#8211; IV si ofera:<\/strong><\/p>\n<ul>\n<li><em><strong>\u00eenv<b><i>\u0103<\/i><\/b>\u0163\u0103tor pe tot programul <\/strong>\u00a0<\/em><\/li>\n<li><em>preluarea de la \u015fcoal\u0103 cu microbuzul\u00a0<\/em><\/li>\n<li><em>masa de pr\u00e2nz + 2 gust<i>\u0103<\/i>ri, toate g<i>\u0103<\/i>tite zilnic in <strong>buc<b><i>\u0103<\/i><\/b>t<b><i>\u0103<\/i><\/b>ria proprie avizat<b><i>\u0103<\/i><\/b> DSV<\/strong><\/em><\/li>\n<li><i>preg\u0103tirea temelor pentru urmatoarea zi + fise suplimentare<\/i><\/li>\n<li><i>mix zilnic de activita\u0163i educativ-recreative\u00a0<\/i><\/li>\n<\/ul>\n<p>Pentru detalii despre Taxa scolar\u0103 pentru anul 2020-2021, va rugam sunati la numarele de telefon din pagina Contact<\/p>\n<p><em><strong>Op\u0163ionale disponibile (cu profesor de specialitate):<\/strong> <\/em><\/p>\n<p>&#8211; Englez\u0103 &#8211; 25 ron \/ \u015fedin\u0163a de grup, 60 de minute (grupele Pregatitoare &#8211; Cls. a 1-a)<\/p>\n<p><span style=\"display: inline !important; float: none; background-color: transparent; color: #333333; cursor: text; font-family: Georgia,'Times New Roman','Bitstream Charter',Times,serif; font-size: 16px; font-style: normal; font-variant: normal; font-weight: 400; letter-spacing: normal; orphans: 2; text-align: left; text-decoration: none; text-indent: 0px; text-transform: none; -webkit-text-stroke-width: 0px; white-space: normal; word-spacing: 0px;\">&#8211; Englez\u0103 &#8211; 30 ron \/ \u015fedin\u0163a de grup, 90 de minute (grupele cls. a 2-a, a 3-a, a 4-a)<\/span><\/p>\n<p>&#8211; German\u0103 &#8211; 35 ron \/ \u015fedin\u0163a de grup, 60 de minute (toate grupele)<\/p>\n<p>&#8211; Englez\u0103, German\u0103, Matematica, Limba Romana,\u00a0<span style=\"display: inline !important; float: none; background-color: transparent; color: #333333; cursor: text; font-family: Georgia,'Times New Roman','Bitstream Charter',Times,serif; font-size: 16px; font-style: normal; font-variant: normal; font-weight: 400; letter-spacing: normal; orphans: 2; text-align: left; text-decoration: none; text-indent: 0px; text-transform: none; -webkit-text-stroke-width: 0px; white-space: normal; word-spacing: 0px;\">\u015f<\/span>edin<span style=\"display: inline !important; float: none; background-color: transparent; color: #333333; cursor: text; font-family: Georgia,'Times New Roman','Bitstream Charter',Times,serif; font-size: 16px; font-style: normal; font-variant: normal; font-weight: 400; letter-spacing: normal; orphans: 2; text-align: left; text-decoration: none; text-indent: 0px; text-transform: none; -webkit-text-stroke-width: 0px; white-space: normal; word-spacing: 0px;\">\u0163<\/span>e individuale, tip meditatii, de la 100 ron \/ sedinta de 90 de minute<\/p>\n<p>&#8211; Tenis &#8211; 50 ron \/ sedinta<\/p>\n<p>&#8211; Inot &#8211; 55 ron \/ sedinta<\/p>\n<p>&#8211; Clubul de sah &#8211; 35 ron\/sedinta<\/p>\n<p>&#8211; Transportul de seara spre domiciliu, de la 20 ron\/zi, in functie de distanta<\/p>\n<p>&#8211; Transportul spre diferitele activitati extra scolare la care copilul participa, de la 30 ron \/ cursa, in functie de distanta<\/p>\n<p><em><strong>La cerere:<\/strong><\/em><\/p>\n<p>&#8211; In functie de cererea de pe parcursul anului scolar, lista de optionale si servicii oferite este deschisa<\/p>\n<p>&nbsp;<\/p>\n<h3>BEFORE SCHOOL A.M. 2020-2021, Program Luni &#8211; Vineri, 8:00 &#8211; 13:00<\/h3>\n<p><strong>Programul Euclid Before School se adreseaz<b>\u0103<\/b> elevilor de gimnaziu <b>care invata dupa amiaza si ofera:<\/b>\u00a0<\/strong><\/p>\n<ul>\n<li><i><b>profesori de specialitate pentru Matematic\u0103 si Limba Rom\u00e2n\u0103 <\/b>\u00a0<\/i><\/li>\n<li><i>sprijin si supervizare in preg\u0103tirea temelor + lucru suplimentar<\/i><\/li>\n<li><em>masa de pr\u00e2nz gatit<i>\u0103<\/i> zilnic in buc<i>\u0103<\/i>taria avizat<i>\u0103<\/i> DSV<\/em><\/li>\n<li><i>transportul spre \u015fcoal\u0103<\/i><\/li>\n<\/ul>\n<p>Pentru detalii despre Taxa scolar\u0103 pentru anul 2020-2021, va rugam sunati la numarele de telefon din pagina Contact<\/p>\n<p><em><strong>Op\u0163ionale:<\/strong> <\/em><\/p>\n<p>&#8211; Englez\u0103 &#8211; 30 ron \/\u015fedin\u0163a de 60 de minute.<\/p>\n<p>&#8211; German\u0103 &#8211; 40 ron \/ sedinta de grup de 60 de minute<\/p>\n<p>&#8211; Mic Dejun &#8211; 7 ron \/ zi<\/p>\n<p>&#8211; Preluare de acas\u0103, diminea\u0163a &#8211; de la 25 ron pe zi, \u00een func\u0163ie de distan\u0163\u0103<\/p>\n","protected":false},"excerpt":{"rendered":"<p>&nbsp; AFTER SCHOOL 2020-2021, Program 11:00-18:00, Luni -Vineri Programul EUCLID After school se adreseaz\u0103 claselor Pregatitoare &#8211; IV si ofera: \u00eenv\u0103\u0163\u0103tor pe tot programul \u00a0 preluarea de la \u015fcoal\u0103 cu microbuzul\u00a0 masa de pr\u00e2nz + 2 gust\u0103ri, toate g\u0103tite zilnic in buc\u0103t\u0103ria proprie avizat\u0103 DSV preg\u0103tirea temelor pentru urmatoarea zi + fise suplimentare mix zilnic [&hellip;]<\/p>\n","protected":false},"author":1,"featured_media":0,"parent":0,"menu_order":3,"comment_status":"closed","ping_status":"closed","template":"","meta":{"_mi_skip_tracking":false,"_monsterinsights_sitenote_active":false,"_monsterinsights_sitenote_note":"","_monsterinsights_sitenote_category":0},"_links":{"self":[{"href":"https:\/\/euclidafterschool.ro\/index.php?rest_route=\/wp\/v2\/pages\/74"}],"collection":[{"href":"https:\/\/euclidafterschool.ro\/index.php?rest_route=\/wp\/v2\/pages"}],"about":[{"href":"https:\/\/euclidafterschool.ro\/index.php?rest_route=\/wp\/v2\/types\/page"}],"author":[{"embeddable":true,"href":"https:\/\/euclidafterschool.ro\/index.php?rest_route=\/wp\/v2\/users\/1"}],"replies":[{"embeddable":true,"href":"https:\/\/euclidafterschool.ro\/index.php?rest_route=%2Fwp%2Fv2%2Fcomments&post=74"}],"version-history":[{"count":45,"href":"https:\/\/euclidafterschool.ro\/index.php?rest_route=\/wp\/v2\/pages\/74\/revisions"}],"predecessor-version":[{"id":471,"href":"https:\/\/euclidafterschool.ro\/index.php?rest_route=\/wp\/v2\/pages\/74\/revisions\/471"}],"wp:attachment":[{"href":"https:\/\/euclidafterschool.ro\/index.php?rest_route=%2Fwp%2Fv2%2Fmedia&parent=74"}],"curies":[{"name":"wp","href":"https:\/\/api.w.org\/{rel}","templated":true}]}}