{"id":72,"date":"2011-06-23T22:47:49","date_gmt":"2011-06-23T19:47:49","guid":{"rendered":"http:\/\/euclidafterschool.ro\/?page_id=72"},"modified":"2015-06-15T00:04:03","modified_gmt":"2015-06-14T21:04:03","slug":"programe","status":"publish","type":"page","link":"https:\/\/euclidafterschool.ro\/?page_id=72","title":{"rendered":"Programe"},"content":{"rendered":"<h3><em>PROGRAM EUCLID AFTER SCHOOL <\/em>12<sup>00<\/sup> &#8211; 18<sup>00<\/sup><\/h3>\n<p><strong><\/p>\n<p style=\"text-indent: 55px;\"><b>CLASELE       P  &#8211;  IV<\/b><\/p>\n<p style=\"text-indent: 55px;\"><b>CLASELE       V &#8211; VIII<\/b><\/p>\n<ul>\n<li>Transport de la \u015fcoal\u0103<\/li>\n<li>Mas\u0103 de pr\u00e2nz \u015fi dou\u0103 gust\u0103ri de dup\u0103-amiaz\u0103 (preparate exclusiv \u00een buc\u0103t\u0103ria proprie)<\/li>\n<li>\u00cendrumare \u00een preg\u0103tirea temelor pentru \u015fcoal\u0103<\/li>\n<li>Preg\u0103tire suplimentar\u0103 la rom\u00e2n\u0103 \u015fi matematic\u0103 pentru Evalu\u0103rile Na\u0163ionale \u015fi concursurile \u015fcolare<\/li>\n<li>Activit\u0103\u0163i recreative, educa\u0163ie pentru s\u0103n\u0103tate, educa\u0163ie antreprenorial\u0103<\/li>\n<li>Consiliere\/orientare \u015fcolar\u0103<\/li>\n<\/ul>\n<h3><em>PROGRAM BEFORE SCHOOL <\/em>08<sup>00<\/sup> &#8211; 13<sup>00<\/sup><\/h3>\n<p style=\"text-indent: 55px;\"><b>CLASELE       V &#8211; VIII<\/b><\/p>\n<ul>\n<li>Mic dejun \u015fi masa de pr\u00e2nz (preparate exclusiv \u00een buc\u0103t\u0103ria proprie)<\/li>\n<li>\u00cendrumare \u00een preg\u0103tirea temelor pentru \u015fcoal\u0103<\/li>\n<li>Preg\u0103tire suplimentar\u0103 la rom\u00e2n\u0103 \u015fi matematic\u0103 pentru Evalu\u0103rile Na\u0163ionale<br \/>\n\u015fi concursurile \u015fcolare<\/li>\n<li>Transport la \u015fcoal\u0103<\/li>\n<li>Consiliere\/orientare \u015fcolar\u0103<\/li>\n<\/ul>\n<h3><em>OP\u0162IONALE BEFORE &#038; AFTER SCHOOL <\/em><\/h3>\n<ul>\n<li>Englez\u0103; German\u0103; Francez\u0103<\/li>\n<li>\u00cenot; Tenis; Dans<\/li>\n<li>Dezvoltare personal\u0103<\/li>\n<li>\n<\/ul>\n<h3><em>PROGRAM VACAN\u0162A DE VAR\u0102 <\/em>08<sup>00<\/sup> &#8211; 18<sup>00<\/sup><\/h3>\n<p><!--\n\n\n<h3><em>Programe Euclid after school:<\/em><\/h3>\n\n\n<strong>Programul mediu<\/strong> (11.30 \u2013 17.30):\n\n\n<ul>\n\t\n\n<li>11.30 \u2013 12.30  - Preluarea elevilor de la \u015fcoal\u0103 cu microbuzul<\/li>\n\n\n\t\n\n<li>12.30 \u2013 13.30  - Servirea pr\u00e2nzului<\/li>\n\n\n\t\n\n<li>13.30 \u2013 14.00  - Activit\u0103\u0163i recreative<\/li>\n\n\n\t\n\n<li>14.00 \u2013 15.30  - Preg\u0103tirea temelor pentru a doua zi<\/li>\n\n\n\t\n\n<li>15.30 \u2013 17.00  - Activit\u0103\u0163i suplimentare la rom\u00e2n\u0103 \u015fi matematic\u0103<\/li>\n\n\n\t\n\n<li>               - Op\u0163ionale limbi moderne : englez\u0103, german\u0103, francez\u0103 (la cerere)<\/li>\n\n\n\t\n\n<li>17.00 \u2013 17.30  - Gustarea de dup\u0103 amiaz\u0103<\/li>\n\n\n\t\n\n<li>17.30          - Preluarea elevilor de c\u0103tre p\u0103rin\u0163i sau transportul op\u0163ional la domiciliu<\/li>\n\n\n<\/ul>\n\n\n<strong>Programul lung<\/strong> (11.30 \u2013 19.00):\n\n\n<ul>\n\t\n\n<li>11.30 \u2013 12.30  - Preluarea elevilor de la \u015fcoal\u0103 cu micobuzul<\/li>\n\n\n\t\n\n<li>12.30 \u2013 13.30  - Servirea pr\u00e2nzului<\/li>\n\n\n\t\n\n<li>13.30 \u2013 14.00  - Activit\u0103\u0163i recreative<\/li>\n\n\n\t\n\n<li>14.00 \u2013 15.30  - Preg\u0103tirea temelor pentru a doua zi<\/li>\n\n\n\t\n\n<li>15.30 \u2013 17.00  - Activit\u0103\u0163i suplimentare la rom\u00e2n\u0103 \u015fi matematic\u0103<\/li>\n\n\n\t\n\n<li>- Op\u0163ionale limbi moderne : englez\u0103, germana, franceza (la cerere)<\/li>\n\n\n\t\n\n<li>17.00 \u2013 17.30  - Servirea gust\u0103rii de dup\u0103 amiaz\u0103<\/li>\n\n\n\t\n\n<li>17.30 \u2013 19.00  - Op\u0163ionale : \u00eenot, dans, arte mar\u0163iale (la cerere), pictur\u0103 pe lut \u015fi icoane pe sticl\u0103<\/li>\n\n\n\t\n\n<li>- Activit\u0103\u0163i recreative, activit\u0103\u0163i extra\u015fcolare \u015fi extracurriculare<\/li>\n\n\n\t\n\n<li>19.00 - Preluarea elevilor de c\u0103tre p\u0103rin\u0163i sau transportul op\u0163ional la domiciliu<\/li>\n\n\n<\/ul>\n\n\n\n\n<h3><em>Program Euclid before school:<\/em><\/h3>\n\n\n\n\n<ul>\n\t\n\n<li>8.00 \u2013 8.30     - Primirea elevilor<\/li>\n\n\n\t\n\n<li>8.30 \u2013 9.00     - Micul dejun<\/li>\n\n\n\t\n\n<li>9.00 \u2013 11.00    - Preg\u0103tirea temelor \/preg\u0103tire suplimentar\u0103 la rom\u00e2n\u0103 \u015fi matematic\u0103<\/li>\n\n\n\t\n\n<li>                - Op\u0163ionale limbi moderne : englez\u0103, german\u0103, francez\u0103 (la cerere)<\/li>\n\n\n\t\n\n<li>11.00 \u2013 11.30   - Activit\u0103\u0163i de recreere, preg\u0103tirea pentru \u015fcoal\u0103<\/li>\n\n\n\t\n\n<li>                - Servirea mesei de pr\u00e2nz (la cerere)<\/li>\n\n\n\t\n\n<li>11.30 \u2013 12.00   - Transportul elevilor la \u015fcoal\u0103 cu microbuzul<\/li>\n\n\n<\/ul>\n\n\n(ora de plecare din afterschool este \u00een func\u0163ie de ora la care elevul intr\u0103 la \u015fcoal\u0103)\n--><\/p>\n","protected":false},"excerpt":{"rendered":"<p>PROGRAM EUCLID AFTER SCHOOL 1200 &#8211; 1800 CLASELE P &#8211; IV CLASELE V &#8211; VIII Transport de la \u015fcoal\u0103 Mas\u0103 de pr\u00e2nz \u015fi dou\u0103 gust\u0103ri de dup\u0103-amiaz\u0103 (preparate exclusiv \u00een buc\u0103t\u0103ria proprie) \u00cendrumare \u00een preg\u0103tirea temelor pentru \u015fcoal\u0103 Preg\u0103tire suplimentar\u0103 la rom\u00e2n\u0103 \u015fi matematic\u0103 pentru Evalu\u0103rile Na\u0163ionale \u015fi concursurile \u015fcolare Activit\u0103\u0163i recreative, educa\u0163ie pentru s\u0103n\u0103tate, [&hellip;]<\/p>\n","protected":false},"author":1,"featured_media":0,"parent":0,"menu_order":2,"comment_status":"closed","ping_status":"closed","template":"","meta":{"_mi_skip_tracking":false,"_monsterinsights_sitenote_active":false,"_monsterinsights_sitenote_note":"","_monsterinsights_sitenote_category":0},"_links":{"self":[{"href":"https:\/\/euclidafterschool.ro\/index.php?rest_route=\/wp\/v2\/pages\/72"}],"collection":[{"href":"https:\/\/euclidafterschool.ro\/index.php?rest_route=\/wp\/v2\/pages"}],"about":[{"href":"https:\/\/euclidafterschool.ro\/index.php?rest_route=\/wp\/v2\/types\/page"}],"author":[{"embeddable":true,"href":"https:\/\/euclidafterschool.ro\/index.php?rest_route=\/wp\/v2\/users\/1"}],"replies":[{"embeddable":true,"href":"https:\/\/euclidafterschool.ro\/index.php?rest_route=%2Fwp%2Fv2%2Fcomments&post=72"}],"version-history":[{"count":18,"href":"https:\/\/euclidafterschool.ro\/index.php?rest_route=\/wp\/v2\/pages\/72\/revisions"}],"predecessor-version":[{"id":296,"href":"https:\/\/euclidafterschool.ro\/index.php?rest_route=\/wp\/v2\/pages\/72\/revisions\/296"}],"wp:attachment":[{"href":"https:\/\/euclidafterschool.ro\/index.php?rest_route=%2Fwp%2Fv2%2Fmedia&parent=72"}],"curies":[{"name":"wp","href":"https:\/\/api.w.org\/{rel}","templated":true}]}}