{"id":64,"date":"2011-06-09T16:35:27","date_gmt":"2011-06-09T13:35:27","guid":{"rendered":"http:\/\/euclidafterschool.ro\/?page_id=64"},"modified":"2011-06-26T09:44:55","modified_gmt":"2011-06-26T06:44:55","slug":"despre-noi","status":"publish","type":"page","link":"https:\/\/euclidafterschool.ro\/?page_id=64","title":{"rendered":"Despre Noi"},"content":{"rendered":"<p><em><strong>Euclid before &amp; after school<\/strong><\/em> vine \u00een sprijinul p\u0103rin\u0163ilor \u015fi al elevilor \u00een vederea\u00a0 complet\u0103rii procesului instructiv \u2013 educativ, propun\u00e2ndu-\u015fi o utilizare eficient\u0103 a timpului petrecut \u00een afara \u015fcolii .<\/p>\n<p>&nbsp;<\/p>\n<p>Programul este creat de un profesor de matematic\u0103 cu o experien\u0163\u0103 notabil\u0103 at\u00e2t la catedr\u0103, c\u00e2t \u015fi \u00een conducerea unit\u0103\u0163ii de \u00eenv\u0103\u0163\u0103m\u00e2nt.<\/p>\n<p>&nbsp;<\/p>\n<p>Echipa de dasc\u0103li este format\u0103 din \u00eenv\u0103\u0163\u0103tori \u015fi profesori cu o \u00eendelungat\u0103 experien\u0163\u0103 la catedr\u0103 \u015fi a c\u0103ror activitate este recunoscut\u0103 at\u00e2t prin ob\u0163inerea gradului didactic I, dar \u015fi prin rezultatele remarcabile ale elevilor coordona\u0163i.<\/p>\n<p>&nbsp;<\/p>\n<p>\u00centreaga noastr\u0103 activitate este centrat\u0103 pe elev, respect\u00e2nd particularit\u0103\u0163ile v\u00e2rstei prin satisfacerea \u00een egal\u0103 m\u0103sur\u0103 at\u00e2t a nevoilor de instruire \u015fi educa\u0163ie, c\u00e2t \u015fi a nevoilor de activit\u0103\u0163i recreative, activit\u0103\u0163i extrascolare \u015fi activit\u0103\u0163i extracurriculare.<\/p>\n<p>&nbsp;<\/p>\n<p>La noi, elevul \u00ee\u015fi va preg\u0103ti temele sub \u00eendrumare de specialitate \u015fi va exersa suplimentar la rom\u00e2n\u0103 \u015fi matematic\u0103 astfel \u00eencat <strong>s\u0103-\u015fi completeze cu succes \u00ab\u00a0portofoliul educa\u0163ional\u00a0\u00bb<\/strong> pe care noua lege a educa\u0163iei pune accentul. De asemenea, se vor desf\u0103\u015fura \u00een cadru organizat activit\u0103\u0163i recreative, jocuri, vizite la muzee, vizion\u0103ri de spectacole, excursii, tabere \u015fi multe alte activit\u0103\u0163i extrascolare.<\/p>\n<p>&nbsp;<\/p>\n<p>Printre dot\u0103ri enumer\u0103m\u00a0:<\/p>\n<ul>\n<li>S\u0103li de studiu spa\u0163ioase \u015fi amenajate corespunz\u0103tor activit\u0103\u0163ilor desf\u0103\u015furate<\/li>\n<li>Buc\u0103tarie proprie \u015fi sal\u0103 de mese<\/li>\n<li>Curte foarte spa\u0163ioas\u0103 \u015fi amenajat\u0103 pentru recreere, foi\u015for \u015fi ser\u0103<\/li>\n<\/ul>\n","protected":false},"excerpt":{"rendered":"<p>Euclid before &amp; after school vine \u00een sprijinul p\u0103rin\u0163ilor \u015fi al elevilor \u00een vederea\u00a0 complet\u0103rii procesului instructiv \u2013 educativ, propun\u00e2ndu-\u015fi o utilizare eficient\u0103 a timpului petrecut \u00een afara \u015fcolii . &nbsp; Programul este creat de un profesor de matematic\u0103 cu o experien\u0163\u0103 notabil\u0103 at\u00e2t la catedr\u0103, c\u00e2t \u015fi \u00een conducerea unit\u0103\u0163ii de \u00eenv\u0103\u0163\u0103m\u00e2nt. &nbsp; Echipa [&hellip;]<\/p>\n","protected":false},"author":1,"featured_media":0,"parent":0,"menu_order":1,"comment_status":"closed","ping_status":"closed","template":"","meta":{"_mi_skip_tracking":false,"_monsterinsights_sitenote_active":false,"_monsterinsights_sitenote_note":"","_monsterinsights_sitenote_category":0},"_links":{"self":[{"href":"https:\/\/euclidafterschool.ro\/index.php?rest_route=\/wp\/v2\/pages\/64"}],"collection":[{"href":"https:\/\/euclidafterschool.ro\/index.php?rest_route=\/wp\/v2\/pages"}],"about":[{"href":"https:\/\/euclidafterschool.ro\/index.php?rest_route=\/wp\/v2\/types\/page"}],"author":[{"embeddable":true,"href":"https:\/\/euclidafterschool.ro\/index.php?rest_route=\/wp\/v2\/users\/1"}],"replies":[{"embeddable":true,"href":"https:\/\/euclidafterschool.ro\/index.php?rest_route=%2Fwp%2Fv2%2Fcomments&post=64"}],"version-history":[{"count":10,"href":"https:\/\/euclidafterschool.ro\/index.php?rest_route=\/wp\/v2\/pages\/64\/revisions"}],"predecessor-version":[{"id":193,"href":"https:\/\/euclidafterschool.ro\/index.php?rest_route=\/wp\/v2\/pages\/64\/revisions\/193"}],"wp:attachment":[{"href":"https:\/\/euclidafterschool.ro\/index.php?rest_route=%2Fwp%2Fv2%2Fmedia&parent=64"}],"curies":[{"name":"wp","href":"https:\/\/api.w.org\/{rel}","templated":true}]}}